{"id":11,"date":"2025-04-23T13:46:14","date_gmt":"2025-04-23T13:46:14","guid":{"rendered":"https:\/\/2koenigefilm.de\/?page_id=11"},"modified":"2026-02-19T10:25:55","modified_gmt":"2026-02-19T10:25:55","slug":"info","status":"publish","type":"page","link":"https:\/\/2koenigefilm.de\/en\/info\/","title":{"rendered":"About Us"},"content":{"rendered":"<div data-elementor-type=\"wp-page\" data-elementor-id=\"11\" class=\"elementor elementor-11\" data-elementor-post-type=\"page\">\n\t\t\t\t<div class=\"elementor-element elementor-element-7095812 e-flex e-con-boxed e-con e-parent\" data-id=\"7095812\" data-element_type=\"container\">\n\t\t\t\t\t<div class=\"e-con-inner\">\n\t\t<div class=\"elementor-element elementor-element-5358c2b e-con-full elementor-hidden-mobile e-flex e-con e-child\" data-id=\"5358c2b\" data-element_type=\"container\">\n\t\t\t\t<\/div>\n\t\t<div class=\"elementor-element elementor-element-6b0ad9e e-con-full e-flex e-con e-child\" data-id=\"6b0ad9e\" data-element_type=\"container\">\n\t\t\t\t<div class=\"elementor-element elementor-element-737a53d elementor-widget elementor-widget-image\" data-id=\"737a53d\" data-element_type=\"widget\" data-widget_type=\"image.default\">\n\t\t\t\t<div class=\"elementor-widget-container\">\n\t\t\t\t\t\t\t\t\t\t\t\t\t\t\t<img fetchpriority=\"high\" decoding=\"async\" width=\"1024\" height=\"754\" src=\"https:\/\/2koenigefilm.de\/wp-content\/uploads\/2026\/02\/TK_Portrait_breiter-1024x754.png\" class=\"attachment-large size-large wp-image-3059\" alt=\"\" srcset=\"https:\/\/2koenigefilm.de\/wp-content\/uploads\/2026\/02\/TK_Portrait_breiter-1024x754.png 1024w, https:\/\/2koenigefilm.de\/wp-content\/uploads\/2026\/02\/TK_Portrait_breiter-300x221.png 300w, https:\/\/2koenigefilm.de\/wp-content\/uploads\/2026\/02\/TK_Portrait_breiter-768x565.png 768w, https:\/\/2koenigefilm.de\/wp-content\/uploads\/2026\/02\/TK_Portrait_breiter-1536x1131.png 1536w, https:\/\/2koenigefilm.de\/wp-content\/uploads\/2026\/02\/TK_Portrait_breiter-16x12.png 16w, https:\/\/2koenigefilm.de\/wp-content\/uploads\/2026\/02\/TK_Portrait_breiter.png 1600w\" sizes=\"(max-width: 1024px) 100vw, 1024px\" \/>\t\t\t\t\t\t\t\t\t\t\t\t\t\t\t<\/div>\n\t\t\t\t<\/div>\n\t\t\t\t<\/div>\n\t\t<div class=\"elementor-element elementor-element-b0f2b52 e-con-full elementor-hidden-mobile e-flex e-con e-child\" data-id=\"b0f2b52\" data-element_type=\"container\">\n\t\t\t\t<\/div>\n\t\t\t\t\t<\/div>\n\t\t\t\t<\/div>\n\t\t<div class=\"elementor-element elementor-element-d0e5548 e-flex e-con-boxed e-con e-parent\" data-id=\"d0e5548\" data-element_type=\"container\">\n\t\t\t\t\t<div class=\"e-con-inner\">\n\t\t<div class=\"elementor-element elementor-element-332e2b1 e-con-full elementor-hidden-mobile e-flex e-con e-child\" data-id=\"332e2b1\" data-element_type=\"container\">\n\t\t\t\t<\/div>\n\t\t<div class=\"elementor-element elementor-element-2e645b5 e-con-full e-flex e-con e-child\" data-id=\"2e645b5\" data-element_type=\"container\">\n\t\t\t\t<div class=\"elementor-element elementor-element-95c2a84 elementor-widget elementor-widget-text-editor\" data-id=\"95c2a84\" data-element_type=\"widget\" data-widget_type=\"text-editor.default\">\n\t\t\t\t<div class=\"elementor-widget-container\">\n\t\t\t\t\t\t\t\t\t<p><strong>2K\u00f6nige <\/strong><span style=\"font-style: inherit; font-family: -apple-system, BlinkMacSystemFont, 'Segoe UI', Roboto, Oxygen-Sans, Ubuntu, Cantarell, 'Helvetica Neue', sans-serif;\" data-start=\"893\" data-end=\"1430\"><strong>Film<\/strong> wurde 2014 von den Br\u00fcdern <strong>Tilman und Karl-Friedrich K\u00f6nig<\/strong> gegr\u00fcndet\u00a0<\/span><span style=\"font-family: -apple-system, BlinkMacSystemFont, 'Segoe UI', Roboto, Oxygen-Sans, Ubuntu, Cantarell, 'Helvetica Neue', sans-serif;\">und steht f\u00fcr politisches, gesellschaftlich engagiertes Autorenkino aus Ostdeutschland. Ihre Arbeiten bewegen sich bewusst an der Schnittstelle zwischen Drama, Versatzst\u00fccken aus der Satire und sozialer Realit\u00e4t. Die Filme erz\u00e4hlen von <\/span><strong style=\"font-family: -apple-system, BlinkMacSystemFont, 'Segoe UI', Roboto, Oxygen-Sans, Ubuntu, Cantarell, 'Helvetica Neue', sans-serif;\" data-start=\"3833\" data-end=\"3954\">Au\u00dfenseitern, gesellschaftlichen Verwerfungen\u00a0und der widerspr\u00fcchlichen Lebenswirklichkeit individueller Biografien.<\/strong><\/p><p><strong style=\"font-family: -apple-system, BlinkMacSystemFont, 'Segoe UI', Roboto, Oxygen-Sans, Ubuntu, Cantarell, 'Helvetica Neue', sans-serif;\" data-start=\"3833\" data-end=\"3954\">\u00a0<\/strong><\/p><p data-start=\"485\" data-end=\"732\">Zu ihren Arbeiten z\u00e4hlen die bundesweit im Selbstverleih gestartete Filmgroteske\u00a0<em data-start=\"770\" data-end=\"789\">THE BLACK NAZI\u00a0<\/em><span style=\"font-family: -apple-system, BlinkMacSystemFont, 'Segoe UI', Roboto, Oxygen-Sans, Ubuntu, Cantarell, 'Helvetica Neue', sans-serif;\">\u00fcber Rassismus und ideologische Projektionen<\/span><span style=\"font-style: inherit; font-weight: inherit; font-family: -apple-system, BlinkMacSystemFont, 'Segoe UI', Roboto, Oxygen-Sans, Ubuntu, Cantarell, 'Helvetica Neue', sans-serif;\">, die als No-Budget-Film \u00fcber <\/span><strong style=\"font-style: inherit; font-family: -apple-system, BlinkMacSystemFont, 'Segoe UI', Roboto, Oxygen-Sans, Ubuntu, Cantarell, 'Helvetica Neue', sans-serif;\" data-start=\"819\" data-end=\"842\">20.000 Kinobesucher<\/strong><span style=\"font-style: inherit; font-weight: inherit; font-family: -apple-system, BlinkMacSystemFont, 'Segoe UI', Roboto, Oxygen-Sans, Ubuntu, Cantarell, 'Helvetica Neue', sans-serif;\"> erreichte, der Kurzfilm <\/span><em style=\"font-weight: inherit; font-family: -apple-system, BlinkMacSystemFont, 'Segoe UI', Roboto, Oxygen-Sans, Ubuntu, Cantarell, 'Helvetica Neue', sans-serif;\" data-start=\"867\" data-end=\"876\">Der Ruf,\u00a0<\/em><span style=\"font-family: -apple-system, BlinkMacSystemFont, 'Segoe UI', Roboto, Oxygen-Sans, Ubuntu, Cantarell, 'Helvetica Neue', sans-serif;\">eine Arbeit\u00a0<\/span>\u00fcber religi\u00f6se Radikalisierung<span style=\"font-style: inherit; font-weight: inherit; font-family: -apple-system, BlinkMacSystemFont, 'Segoe UI', Roboto, Oxygen-Sans, Ubuntu, Cantarell, 'Helvetica Neue', sans-serif;\">, der den <\/span><strong style=\"font-style: inherit; font-family: -apple-system, BlinkMacSystemFont, 'Segoe UI', Roboto, Oxygen-Sans, Ubuntu, Cantarell, 'Helvetica Neue', sans-serif;\" data-start=\"886\" data-end=\"926\">Publikumspreis beim Filmfest Dresden<\/strong><span style=\"font-style: inherit; font-weight: inherit; font-family: -apple-system, BlinkMacSystemFont, 'Segoe UI', Roboto, Oxygen-Sans, Ubuntu, Cantarell, 'Helvetica Neue', sans-serif;\"> gewann, sowie der Dokumentarfilm <\/span><em style=\"font-weight: inherit; font-family: -apple-system, BlinkMacSystemFont, 'Segoe UI', Roboto, Oxygen-Sans, Ubuntu, Cantarell, 'Helvetica Neue', sans-serif;\" data-start=\"960\" data-end=\"976\">Pastor Lothar Stops<\/em><span style=\"font-style: inherit; font-weight: inherit; font-family: -apple-system, BlinkMacSystemFont, 'Segoe UI', Roboto, Oxygen-Sans, Ubuntu, Cantarell, 'Helvetica Neue', sans-serif;\">,\u00a0<\/span><span style=\"font-style: inherit; font-weight: inherit; font-family: -apple-system, BlinkMacSystemFont, 'Segoe UI', Roboto, Oxygen-Sans, Ubuntu, Cantarell, 'Helvetica Neue', sans-serif;\">das Portr\u00e4t eines engagierten Jugendpfarrers,<\/span><span style=\"font-style: inherit; font-weight: inherit; font-family: -apple-system, BlinkMacSystemFont, 'Segoe UI', Roboto, Oxygen-Sans, Ubuntu, Cantarell, 'Helvetica Neue', sans-serif;\">\u00a0der f\u00fcr den <\/span><strong style=\"font-style: inherit; font-family: -apple-system, BlinkMacSystemFont, 'Segoe UI', Roboto, Oxygen-Sans, Ubuntu, Cantarell, 'Helvetica Neue', sans-serif;\" data-start=\"1007\" data-end=\"1033\">Grimme-Preis nominiert<\/strong><span style=\"font-style: inherit; font-weight: inherit; font-family: -apple-system, BlinkMacSystemFont, 'Segoe UI', Roboto, Oxygen-Sans, Ubuntu, Cantarell, 'Helvetica Neue', sans-serif;\"> und beim <\/span><strong style=\"font-style: inherit; font-family: -apple-system, BlinkMacSystemFont, 'Segoe UI', Roboto, Oxygen-Sans, Ubuntu, Cantarell, 'Helvetica Neue', sans-serif;\" data-start=\"1043\" data-end=\"1081\">DOK Leipzig zweifach ausgezeichnet<\/strong><span style=\"font-style: inherit; font-weight: inherit; font-family: -apple-system, BlinkMacSystemFont, 'Segoe UI', Roboto, Oxygen-Sans, Ubuntu, Cantarell, 'Helvetica Neue', sans-serif;\"> wurde.\u00a0<\/span><span style=\"font-family: -apple-system, BlinkMacSystemFont, 'Segoe UI', Roboto, Oxygen-Sans, Ubuntu, Cantarell, 'Helvetica Neue', sans-serif;\">Derzeit arbeiten sie an dem Spielfilm\u00a0<\/span><em style=\"font-family: -apple-system, BlinkMacSystemFont, 'Segoe UI', Roboto, Oxygen-Sans, Ubuntu, Cantarell, 'Helvetica Neue', sans-serif;\" data-start=\"1907\" data-end=\"1932\">The Great Collapse\u00a0<\/em><span style=\"font-family: -apple-system, BlinkMacSystemFont, 'Segoe UI', Roboto, Oxygen-Sans, Ubuntu, Cantarell, 'Helvetica Neue', sans-serif;\">\u00fcber prek\u00e4re Lebensentw\u00fcrfe und Verschw\u00f6rungsdynamiken mit Thorsten Merten und Hanna Schygulla.<\/span><\/p><p data-start=\"485\" data-end=\"732\">\u00a0<\/p><p data-start=\"1090\" data-end=\"1397\">Ihre Filme entstehen h\u00e4ufig\u00a0<span style=\"font-family: -apple-system, BlinkMacSystemFont, 'Segoe UI', Roboto, Oxygen-Sans, Ubuntu, Cantarell, 'Helvetica Neue', sans-serif;\">aus der Zusammenarbeit von <strong>professionellen Schauspielern und<\/strong><\/span><span style=\"font-style: inherit; font-weight: inherit; font-family: -apple-system, BlinkMacSystemFont, 'Segoe UI', Roboto, Oxygen-Sans, Ubuntu, Cantarell, 'Helvetica Neue', sans-serif;\"><strong>\u00a0Laien<\/strong>, arbeiten mit improvisatorischen Momenten und sind eng mit den jeweiligen Drehorten verbunden. Sie bewegen sich <\/span><strong style=\"font-style: inherit; font-family: -apple-system, BlinkMacSystemFont, 'Segoe UI', Roboto, Oxygen-Sans, Ubuntu, Cantarell, 'Helvetica Neue', sans-serif;\" data-start=\"578\" data-end=\"649\">zwischen eigenst\u00e4ndiger Produktionsweise und etablierten Strukturen<\/strong><span style=\"font-style: inherit; font-weight: inherit; font-family: -apple-system, BlinkMacSystemFont, 'Segoe UI', Roboto, Oxygen-Sans, Ubuntu, Cantarell, 'Helvetica Neue', sans-serif;\"> und suchen die direkte Auseinandersetzung mit gesellschaftlicher Wirklichkeit.<\/span><\/p>\t\t\t\t\t\t\t\t<\/div>\n\t\t\t\t<\/div>\n\t\t\t\t<\/div>\n\t\t<div class=\"elementor-element elementor-element-2d22fdd e-con-full elementor-hidden-mobile e-flex e-con e-child\" data-id=\"2d22fdd\" data-element_type=\"container\">\n\t\t\t\t<\/div>\n\t\t\t\t\t<\/div>\n\t\t\t\t<\/div>\n\t\t\t\t<\/div>","protected":false},"excerpt":{"rendered":"<p>2K\u00f6nige Film wurde 2014 von den Br\u00fcdern Tilman und Karl-Friedrich K\u00f6nig gegr\u00fcndet\u00a0und steht f\u00fcr politisches, gesellschaftlich engagiertes Autorenkino aus Ostdeutschland. [&hellip;]<\/p>","protected":false},"author":1,"featured_media":0,"parent":0,"menu_order":0,"comment_status":"closed","ping_status":"closed","template":"","meta":{"site-sidebar-layout":"no-sidebar","site-content-layout":"","ast-site-content-layout":"full-width-container","site-content-style":"default","site-sidebar-style":"default","ast-global-header-display":"","ast-banner-title-visibility":"","ast-main-header-display":"","ast-hfb-above-header-display":"","ast-hfb-below-header-display":"","ast-hfb-mobile-header-display":"","site-post-title":"disabled","ast-breadcrumbs-content":"","ast-featured-img":"disabled","footer-sml-layout":"","theme-transparent-header-meta":"","adv-header-id-meta":"","stick-header-meta":"","header-above-stick-meta":"","header-main-stick-meta":"","header-below-stick-meta":"","astra-migrate-meta-layouts":"default","ast-page-background-enabled":"default","ast-page-background-meta":{"desktop":{"background-color":"var(--ast-global-color-5)","background-image":"","background-repeat":"repeat","background-position":"center center","background-size":"auto","background-attachment":"scroll","background-type":"","background-media":"","overlay-type":"","overlay-color":"","overlay-opacity":"","overlay-gradient":""},"tablet":{"background-color":"","background-image":"","background-repeat":"repeat","background-position":"center center","background-size":"auto","background-attachment":"scroll","background-type":"","background-media":"","overlay-type":"","overlay-color":"","overlay-opacity":"","overlay-gradient":""},"mobile":{"background-color":"","background-image":"","background-repeat":"repeat","background-position":"center center","background-size":"auto","background-attachment":"scroll","background-type":"","background-media":"","overlay-type":"","overlay-color":"","overlay-opacity":"","overlay-gradient":""}},"ast-content-background-meta":{"desktop":{"background-color":"var(--ast-global-color-4)","background-image":"","background-repeat":"repeat","background-position":"center center","background-size":"auto","background-attachment":"scroll","background-type":"","background-media":"","overlay-type":"","overlay-color":"","overlay-opacity":"","overlay-gradient":""},"tablet":{"background-color":"var(--ast-global-color-4)","background-image":"","background-repeat":"repeat","background-position":"center center","background-size":"auto","background-attachment":"scroll","background-type":"","background-media":"","overlay-type":"","overlay-color":"","overlay-opacity":"","overlay-gradient":""},"mobile":{"background-color":"var(--ast-global-color-4)","background-image":"","background-repeat":"repeat","background-position":"center center","background-size":"auto","background-attachment":"scroll","background-type":"","background-media":"","overlay-type":"","overlay-color":"","overlay-opacity":"","overlay-gradient":""}},"footnotes":""},"class_list":["post-11","page","type-page","status-publish","hentry"],"_links":{"self":[{"href":"https:\/\/2koenigefilm.de\/en\/wp-json\/wp\/v2\/pages\/11","targetHints":{"allow":["GET"]}}],"collection":[{"href":"https:\/\/2koenigefilm.de\/en\/wp-json\/wp\/v2\/pages"}],"about":[{"href":"https:\/\/2koenigefilm.de\/en\/wp-json\/wp\/v2\/types\/page"}],"author":[{"embeddable":true,"href":"https:\/\/2koenigefilm.de\/en\/wp-json\/wp\/v2\/users\/1"}],"replies":[{"embeddable":true,"href":"https:\/\/2koenigefilm.de\/en\/wp-json\/wp\/v2\/comments?post=11"}],"version-history":[{"count":83,"href":"https:\/\/2koenigefilm.de\/en\/wp-json\/wp\/v2\/pages\/11\/revisions"}],"predecessor-version":[{"id":3081,"href":"https:\/\/2koenigefilm.de\/en\/wp-json\/wp\/v2\/pages\/11\/revisions\/3081"}],"wp:attachment":[{"href":"https:\/\/2koenigefilm.de\/en\/wp-json\/wp\/v2\/media?parent=11"}],"curies":[{"name":"wp","href":"https:\/\/api.w.org\/{rel}","templated":true}]}}