{"id":189,"date":"2025-05-07T16:58:44","date_gmt":"2025-05-07T16:58:44","guid":{"rendered":"https:\/\/2koenigefilm.de\/?page_id=189"},"modified":"2025-09-08T10:20:15","modified_gmt":"2025-09-08T10:20:15","slug":"koenig-hoert-auf","status":"publish","type":"page","link":"https:\/\/2koenigefilm.de\/en\/koenig-hoert-auf\/","title":{"rendered":"Pastor Lothar Stops"},"content":{"rendered":"<div data-elementor-type=\"wp-page\" data-elementor-id=\"189\" class=\"elementor elementor-189\" data-elementor-post-type=\"page\">\n\t\t\t\t<div class=\"elementor-element elementor-element-bff2943 e-flex e-con-boxed e-con e-parent\" data-id=\"bff2943\" data-element_type=\"container\">\n\t\t\t\t\t<div class=\"e-con-inner\">\n\t\t\t\t<div class=\"elementor-element elementor-element-19d1f10 elementor-widget elementor-widget-heading\" data-id=\"19d1f10\" data-element_type=\"widget\" data-widget_type=\"heading.default\">\n\t\t\t\t<div class=\"elementor-widget-container\">\n\t\t\t\t\t<h1 class=\"elementor-heading-title elementor-size-default\">Pastor Lothar Stops<\/h1>\t\t\t\t<\/div>\n\t\t\t\t<\/div>\n\t\t\t\t\t<\/div>\n\t\t\t\t<\/div>\n\t\t<div class=\"elementor-element elementor-element-cfc5061 e-flex e-con-boxed e-con e-parent\" data-id=\"cfc5061\" data-element_type=\"container\">\n\t\t\t\t\t<div class=\"e-con-inner\">\n\t\t\t\t<div class=\"elementor-element elementor-element-556ebed elementor-widget__width-initial elementor-widget-mobile__width-initial elementor-widget elementor-widget-heading\" data-id=\"556ebed\" data-element_type=\"widget\" data-widget_type=\"heading.default\">\n\t\t\t\t<div class=\"elementor-widget-container\">\n\t\t\t\t\t<h2 class=\"elementor-heading-title elementor-size-default translation-block\">Ein Dokumentarfilm von Tilman K\u00f6nig <br>\r\nDeutschland | 82 min. | Deutsch<\/h2>\t\t\t\t<\/div>\n\t\t\t\t<\/div>\n\t\t\t\t<div class=\"elementor-element elementor-element-4154ce6 elementor-widget elementor-widget-image\" data-id=\"4154ce6\" data-element_type=\"widget\" data-widget_type=\"image.default\">\n\t\t\t\t<div class=\"elementor-widget-container\">\n\t\t\t\t\t\t\t\t\t\t\t\t\t\t\t<img fetchpriority=\"high\" decoding=\"async\" width=\"1024\" height=\"742\" src=\"https:\/\/2koenigefilm.de\/wp-content\/uploads\/2025\/06\/DOK-1-NEU-1024x742.png\" class=\"attachment-large size-large wp-image-2479\" alt=\"\" srcset=\"https:\/\/2koenigefilm.de\/wp-content\/uploads\/2025\/06\/DOK-1-NEU-1024x742.png 1024w, https:\/\/2koenigefilm.de\/wp-content\/uploads\/2025\/06\/DOK-1-NEU-300x218.png 300w, https:\/\/2koenigefilm.de\/wp-content\/uploads\/2025\/06\/DOK-1-NEU-768x557.png 768w, https:\/\/2koenigefilm.de\/wp-content\/uploads\/2025\/06\/DOK-1-NEU-1536x1114.png 1536w, https:\/\/2koenigefilm.de\/wp-content\/uploads\/2025\/06\/DOK-1-NEU-18x12.png 18w, https:\/\/2koenigefilm.de\/wp-content\/uploads\/2025\/06\/DOK-1-NEU.png 1600w\" sizes=\"(max-width: 1024px) 100vw, 1024px\" \/>\t\t\t\t\t\t\t\t\t\t\t\t\t\t\t<\/div>\n\t\t\t\t<\/div>\n\t\t\t\t<div class=\"elementor-element elementor-element-0f7de38 elementor-widget elementor-widget-image\" data-id=\"0f7de38\" data-element_type=\"widget\" data-widget_type=\"image.default\">\n\t\t\t\t<div class=\"elementor-widget-container\">\n\t\t\t\t\t\t\t\t\t\t\t\t\t\t\t<img decoding=\"async\" width=\"1024\" height=\"669\" src=\"https:\/\/2koenigefilm.de\/wp-content\/uploads\/2025\/06\/DOK-3-Verdi-NEU-1024x669.png\" class=\"attachment-large size-large wp-image-2481\" alt=\"\" srcset=\"https:\/\/2koenigefilm.de\/wp-content\/uploads\/2025\/06\/DOK-3-Verdi-NEU-1024x669.png 1024w, https:\/\/2koenigefilm.de\/wp-content\/uploads\/2025\/06\/DOK-3-Verdi-NEU-300x196.png 300w, https:\/\/2koenigefilm.de\/wp-content\/uploads\/2025\/06\/DOK-3-Verdi-NEU-768x502.png 768w, https:\/\/2koenigefilm.de\/wp-content\/uploads\/2025\/06\/DOK-3-Verdi-NEU-1536x1003.png 1536w, https:\/\/2koenigefilm.de\/wp-content\/uploads\/2025\/06\/DOK-3-Verdi-NEU-18x12.png 18w, https:\/\/2koenigefilm.de\/wp-content\/uploads\/2025\/06\/DOK-3-Verdi-NEU.png 1600w\" sizes=\"(max-width: 1024px) 100vw, 1024px\" \/>\t\t\t\t\t\t\t\t\t\t\t\t\t\t\t<\/div>\n\t\t\t\t<\/div>\n\t\t\t\t<div class=\"elementor-element elementor-element-3d54db3 elementor-widget elementor-widget-image\" data-id=\"3d54db3\" data-element_type=\"widget\" data-widget_type=\"image.default\">\n\t\t\t\t<div class=\"elementor-widget-container\">\n\t\t\t\t\t\t\t\t\t\t\t\t\t\t\t<img decoding=\"async\" width=\"1024\" height=\"669\" src=\"https:\/\/2koenigefilm.de\/wp-content\/uploads\/2025\/06\/DOK-2-NEU-1024x669.png\" class=\"attachment-large size-large wp-image-2480\" alt=\"\" srcset=\"https:\/\/2koenigefilm.de\/wp-content\/uploads\/2025\/06\/DOK-2-NEU-1024x669.png 1024w, https:\/\/2koenigefilm.de\/wp-content\/uploads\/2025\/06\/DOK-2-NEU-300x196.png 300w, https:\/\/2koenigefilm.de\/wp-content\/uploads\/2025\/06\/DOK-2-NEU-768x502.png 768w, https:\/\/2koenigefilm.de\/wp-content\/uploads\/2025\/06\/DOK-2-NEU-1536x1004.png 1536w, https:\/\/2koenigefilm.de\/wp-content\/uploads\/2025\/06\/DOK-2-NEU-18x12.png 18w, https:\/\/2koenigefilm.de\/wp-content\/uploads\/2025\/06\/DOK-2-NEU.png 1600w\" sizes=\"(max-width: 1024px) 100vw, 1024px\" \/>\t\t\t\t\t\t\t\t\t\t\t\t\t\t\t<\/div>\n\t\t\t\t<\/div>\n\t\t\t\t\t<\/div>\n\t\t\t\t<\/div>\n\t\t<div class=\"elementor-element elementor-element-f8d7026 e-flex e-con-boxed e-con e-parent\" data-id=\"f8d7026\" data-element_type=\"container\">\n\t\t\t\t\t<div class=\"e-con-inner\">\n\t\t\t\t<div class=\"elementor-element elementor-element-28ef903 elementor--h-position-center elementor--v-position-middle elementor-widget elementor-widget-slides\" data-id=\"28ef903\" data-element_type=\"widget\" data-settings=\"{&quot;autoplay_speed&quot;:4000,&quot;navigation&quot;:&quot;none&quot;,&quot;autoplay&quot;:&quot;yes&quot;,&quot;pause_on_hover&quot;:&quot;yes&quot;,&quot;pause_on_interaction&quot;:&quot;yes&quot;,&quot;infinite&quot;:&quot;yes&quot;,&quot;transition&quot;:&quot;slide&quot;,&quot;transition_speed&quot;:500}\" data-widget_type=\"slides.default\">\n\t\t\t\t<div class=\"elementor-widget-container\">\n\t\t\t\t\t\t\t\t\t<div class=\"elementor-swiper\">\n\t\t\t\t\t<div class=\"elementor-slides-wrapper elementor-main-swiper swiper\" role=\"region\" aria-roledescription=\"carousel\" aria-label=\"Slides\" dir=\"ltr\" data-animation=\"fadeInUp\">\n\t\t\t\t<div class=\"swiper-wrapper elementor-slides\">\n\t\t\t\t\t\t\t\t\t\t<div class=\"elementor-repeater-item-cbc06d0 swiper-slide\" role=\"group\" aria-roledescription=\"slide\"><div class=\"swiper-slide-bg\" role=\"img\"><\/div><div class=\"swiper-slide-inner\" ><div class=\"swiper-slide-contents\"><\/div><\/div><\/div><div class=\"elementor-repeater-item-1ac59f2 swiper-slide\" role=\"group\" aria-roledescription=\"slide\"><div class=\"swiper-slide-bg\" role=\"img\"><\/div><div class=\"swiper-slide-inner\" ><div class=\"swiper-slide-contents\"><\/div><\/div><\/div>\t\t\t\t<\/div>\n\t\t\t\t\t\t\t\t\t\t\t\t\t\t\t\t\t\t\t\t\t<\/div>\n\t\t\t\t<\/div>\n\t\t\t\t\t\t\t\t<\/div>\n\t\t\t\t<\/div>\n\t\t\t\t\t<\/div>\n\t\t\t\t<\/div>\n\t\t<div class=\"elementor-element elementor-element-e998092 e-grid e-con-boxed e-con e-parent\" data-id=\"e998092\" data-element_type=\"container\">\n\t\t\t\t\t<div class=\"e-con-inner\">\n\t\t<div class=\"elementor-element elementor-element-50751be e-con-full e-flex e-con e-child\" data-id=\"50751be\" data-element_type=\"container\">\n\t\t\t\t<div class=\"elementor-element elementor-element-f08c549 elementor-widget elementor-widget-text-editor\" data-id=\"f08c549\" data-element_type=\"widget\" data-widget_type=\"text-editor.default\">\n\t\t\t\t<div class=\"elementor-widget-container\">\n\t\t\t\t\t\t\t\t\t<h2>Description<\/h2><div class=\"page\" title=\"Page 7\"><div class=\"section\"><div class=\"layoutArea\"><div class=\"column\"><p>Lothar K\u00f6nig has a huge scar over his right eye. A neo-Nazi once knocked the Jena youth pastor unconscious. But Lothar K\u00f6nig refused to let it get him down. He campaigned against right-wing extremists, for youth work and the integration of foreigners far beyond the city limits and became known throughout Germany. His son Tilman K\u00f6nig has now created a cinematic memorial to him, which shows the courage, the contradictions and the man in all his facets.<\/p><\/div><\/div><\/div><\/div>\t\t\t\t\t\t\t\t<\/div>\n\t\t\t\t<\/div>\n\t\t\t\t<div class=\"elementor-element elementor-element-084c649 elementor-widget elementor-widget-text-editor\" data-id=\"084c649\" data-element_type=\"widget\" data-widget_type=\"text-editor.default\">\n\t\t\t\t<div class=\"elementor-widget-container\">\n\t\t\t\t\t\t\t\t\t<h2>A production by<\/h2><p style=\"margin: 0;\">Tilman K\u00f6nig<br \/>in Ko-Produktion mit Neue Bioskop und MDR<\/p>\t\t\t\t\t\t\t\t<\/div>\n\t\t\t\t<\/div>\n\t\t\t\t<\/div>\n\t\t<div class=\"elementor-element elementor-element-87d85ad e-con-full e-flex e-con e-child\" data-id=\"87d85ad\" data-element_type=\"container\">\n\t\t\t\t<div class=\"elementor-element elementor-element-f12852b elementor-widget__width-initial elementor-widget-mobile__width-initial elementor-widget elementor-widget-text-editor\" data-id=\"f12852b\" data-element_type=\"widget\" data-widget_type=\"text-editor.default\">\n\t\t\t\t<div class=\"elementor-widget-container\">\n\t\t\t\t\t\t\t\t\t<h2>Crew<\/h2>\n<table style=\"border: none; border-collapse: collapse; width: 100%; table-layout: fixed; font-size: 1em; line-height: 1.5;\">\n<tbody>\n<tr>\n<td style=\"border: none; width: 50%; padding: 5px; vertical-align: top;\">Director, Writer<\/td>\n<td style=\"border: none; width: 50%; padding: 5px; vertical-align: top;\">Tilman K\u00f6nig<\/td>\n<\/tr>\n<tr>\n<td style=\"border: none; padding: 5px; vertical-align: top;\">Producer<\/td>\n<td style=\"border: none; padding: 5px; vertical-align: top;\">Martin Roh\u00e9<\/td>\n<\/tr>\n<tr>\n<td style=\"border: none; padding: 5px; vertical-align: top;\">Commissioning Editors<\/td>\n<td style=\"border: none; padding: 5px; vertical-align: top;\">Thomas Beyer (MDR)<\/td>\n<\/tr>\n<tr>\n<td style=\"border: none; padding: 5px; vertical-align: top;\">DoP<\/td>\n<td style=\"border: none; padding: 5px; vertical-align: top;\">Tilman K\u00f6nig<\/td>\n<\/tr>\n<tr>\n<td style=\"border: none; padding: 5px; vertical-align: top;\">Editor<\/td>\n<td style=\"border: none; padding: 5px; vertical-align: top;\">Tilman K\u00f6nig <br>\nDenise Lipfert<\/td>\n<\/tr>\n<tr>\n<td style=\"border: none; padding: 5px; vertical-align: top;\">Mixing engineer<\/td>\n<td style=\"border: none; padding: 5px; vertical-align: top;\">Frank Schubert<\/td>\n<\/tr>\n<\/tbody>\n<\/table>\t\t\t\t\t\t\t\t<\/div>\n\t\t\t\t<\/div>\n\t\t\t\t<\/div>\n\t\t\t\t\t<\/div>\n\t\t\t\t<\/div>\n\t\t<div class=\"elementor-element elementor-element-8c546f4 e-grid e-con-boxed e-con e-parent\" data-id=\"8c546f4\" data-element_type=\"container\">\n\t\t\t\t\t<div class=\"e-con-inner\">\n\t\t<div class=\"elementor-element elementor-element-de21321 e-con-full e-flex e-con e-child\" data-id=\"de21321\" data-element_type=\"container\">\n\t\t\t\t<div class=\"elementor-element elementor-element-f3e97b0 elementor-widget elementor-widget-text-editor\" data-id=\"f3e97b0\" data-element_type=\"widget\" data-widget_type=\"text-editor.default\">\n\t\t\t\t<div class=\"elementor-widget-container\">\n\t\t\t\t\t\t\t\t\t<h2>Funded by<\/h2><p>MDM <br \/>Kulturstiftung Sachsen <br \/>Staatskanzlei Th\u00fcringen<\/p>\t\t\t\t\t\t\t\t<\/div>\n\t\t\t\t<\/div>\n\t\t\t\t<\/div>\n\t\t<div class=\"elementor-element elementor-element-37c6925 e-con-full e-flex e-con e-child\" data-id=\"37c6925\" data-element_type=\"container\">\n\t\t\t\t<div class=\"elementor-element elementor-element-6b3de88 elementor-widget elementor-widget-text-editor\" data-id=\"6b3de88\" data-element_type=\"widget\" data-widget_type=\"text-editor.default\">\n\t\t\t\t<div class=\"elementor-widget-container\">\n\t\t\t\t\t\t\t\t\t<h2>Cast<\/h2>\nKatharina K\u00f6nig-Preuss, Lothar K\u00f6nig, Monchi (Jan Gorkow), Ali Aydemir \t\t\t\t\t\t\t\t<\/div>\n\t\t\t\t<\/div>\n\t\t\t\t<\/div>\n\t\t\t\t\t<\/div>\n\t\t\t\t<\/div>\n\t\t<div class=\"elementor-element elementor-element-9948b7e e-grid e-con-boxed e-con e-parent\" data-id=\"9948b7e\" data-element_type=\"container\">\n\t\t\t\t\t<div class=\"e-con-inner\">\n\t\t<div class=\"elementor-element elementor-element-e3e457c e-con-full e-flex e-con e-child\" data-id=\"e3e457c\" data-element_type=\"container\">\n\t\t\t\t<div class=\"elementor-element elementor-element-52ca151 elementor-widget elementor-widget-text-editor\" data-id=\"52ca151\" data-element_type=\"widget\" data-widget_type=\"text-editor.default\">\n\t\t\t\t<div class=\"elementor-widget-container\">\n\t\t\t\t\t\t\t\t\t<h2>Distribution<\/h2>\nWeltkino Filmverleih GmbH\n\t\t\t\t\t\t\t\t<\/div>\n\t\t\t\t<\/div>\n\t\t\t\t<div class=\"elementor-element elementor-element-23111b8 elementor-widget elementor-widget-text-editor\" data-id=\"23111b8\" data-element_type=\"widget\" data-widget_type=\"text-editor.default\">\n\t\t\t\t<div class=\"elementor-widget-container\">\n\t\t\t\t\t\t\t\t\t<h2>Evaluation<\/h2>\n<p style=\"margin: 0;\">Grimme Prize nomination 2024 <br>\nDOK Leipzig double award winner <br>\nCinema exploitation WELTKINO <br>\nTV exploitation across various regional public broadcasters until 2025, localization for Japan, and availability on various VOD platforms.<\/p>\t\t\t\t\t\t\t\t<\/div>\n\t\t\t\t<\/div>\n\t\t\t\t<\/div>\n\t\t<div class=\"elementor-element elementor-element-d11ef38 e-con-full e-flex e-con e-child\" data-id=\"d11ef38\" data-element_type=\"container\">\n\t\t\t\t<div class=\"elementor-element elementor-element-6238b78 elementor-widget elementor-widget-heading\" data-id=\"6238b78\" data-element_type=\"widget\" data-widget_type=\"heading.default\">\n\t\t\t\t<div class=\"elementor-widget-container\">\n\t\t\t\t\t<h2 class=\"elementor-heading-title elementor-size-default\">Trailer<\/h2>\t\t\t\t<\/div>\n\t\t\t\t<\/div>\n\t\t\t\t<div class=\"elementor-element elementor-element-08a88b7 elementor-widget elementor-widget-video\" data-id=\"08a88b7\" data-element_type=\"widget\" data-settings=\"{&quot;youtube_url&quot;:&quot;https:\\\/\\\/www.youtube.com\\\/embed\\\/ayW0aAyScwY?autoplay=1&quot;,&quot;video_type&quot;:&quot;youtube&quot;,&quot;controls&quot;:&quot;yes&quot;}\" data-widget_type=\"video.default\">\n\t\t\t\t<div class=\"elementor-widget-container\">\n\t\t\t\t\t\t\t<div class=\"elementor-wrapper elementor-open-inline\">\n\t\t\t<div class=\"elementor-video\"><\/div>\t\t<\/div>\n\t\t\t\t\t\t<\/div>\n\t\t\t\t<\/div>\n\t\t\t\t<\/div>\n\t\t\t\t\t<\/div>\n\t\t\t\t<\/div>\n\t\t\t\t<\/div>","protected":false},"excerpt":{"rendered":"<p>K\u00f6nig h\u00f6rt auf Ein Dokumentarfilm von Tilman K\u00f6nig Deutschland | 82 min. | Deutsch Beschreibung Lothar Ko\u0308nig tra\u0308gt u\u0308ber dem [&hellip;]<\/p>","protected":false},"author":1,"featured_media":0,"parent":0,"menu_order":3,"comment_status":"closed","ping_status":"closed","template":"","meta":{"site-sidebar-layout":"no-sidebar","site-content-layout":"","ast-site-content-layout":"full-width-container","site-content-style":"default","site-sidebar-style":"default","ast-global-header-display":"","ast-banner-title-visibility":"","ast-main-header-display":"","ast-hfb-above-header-display":"","ast-hfb-below-header-display":"","ast-hfb-mobile-header-display":"","site-post-title":"disabled","ast-breadcrumbs-content":"","ast-featured-img":"disabled","footer-sml-layout":"","theme-transparent-header-meta":"","adv-header-id-meta":"","stick-header-meta":"","header-above-stick-meta":"","header-main-stick-meta":"","header-below-stick-meta":"","astra-migrate-meta-layouts":"default","ast-page-background-enabled":"default","ast-page-background-meta":{"desktop":{"background-color":"var(--ast-global-color-5)","background-image":"","background-repeat":"repeat","background-position":"center center","background-size":"auto","background-attachment":"scroll","background-type":"","background-media":"","overlay-type":"","overlay-color":"","overlay-opacity":"","overlay-gradient":""},"tablet":{"background-color":"","background-image":"","background-repeat":"repeat","background-position":"center center","background-size":"auto","background-attachment":"scroll","background-type":"","background-media":"","overlay-type":"","overlay-color":"","overlay-opacity":"","overlay-gradient":""},"mobile":{"background-color":"","background-image":"","background-repeat":"repeat","background-position":"center center","background-size":"auto","background-attachment":"scroll","background-type":"","background-media":"","overlay-type":"","overlay-color":"","overlay-opacity":"","overlay-gradient":""}},"ast-content-background-meta":{"desktop":{"background-color":"var(--ast-global-color-4)","background-image":"","background-repeat":"repeat","background-position":"center center","background-size":"auto","background-attachment":"scroll","background-type":"","background-media":"","overlay-type":"","overlay-color":"","overlay-opacity":"","overlay-gradient":""},"tablet":{"background-color":"var(--ast-global-color-4)","background-image":"","background-repeat":"repeat","background-position":"center center","background-size":"auto","background-attachment":"scroll","background-type":"","background-media":"","overlay-type":"","overlay-color":"","overlay-opacity":"","overlay-gradient":""},"mobile":{"background-color":"var(--ast-global-color-4)","background-image":"","background-repeat":"repeat","background-position":"center center","background-size":"auto","background-attachment":"scroll","background-type":"","background-media":"","overlay-type":"","overlay-color":"","overlay-opacity":"","overlay-gradient":""}},"footnotes":""},"class_list":["post-189","page","type-page","status-publish","hentry"],"_links":{"self":[{"href":"https:\/\/2koenigefilm.de\/en\/wp-json\/wp\/v2\/pages\/189","targetHints":{"allow":["GET"]}}],"collection":[{"href":"https:\/\/2koenigefilm.de\/en\/wp-json\/wp\/v2\/pages"}],"about":[{"href":"https:\/\/2koenigefilm.de\/en\/wp-json\/wp\/v2\/types\/page"}],"author":[{"embeddable":true,"href":"https:\/\/2koenigefilm.de\/en\/wp-json\/wp\/v2\/users\/1"}],"replies":[{"embeddable":true,"href":"https:\/\/2koenigefilm.de\/en\/wp-json\/wp\/v2\/comments?post=189"}],"version-history":[{"count":211,"href":"https:\/\/2koenigefilm.de\/en\/wp-json\/wp\/v2\/pages\/189\/revisions"}],"predecessor-version":[{"id":2999,"href":"https:\/\/2koenigefilm.de\/en\/wp-json\/wp\/v2\/pages\/189\/revisions\/2999"}],"wp:attachment":[{"href":"https:\/\/2koenigefilm.de\/en\/wp-json\/wp\/v2\/media?parent=189"}],"curies":[{"name":"wp","href":"https:\/\/api.w.org\/{rel}","templated":true}]}}