{"id":199,"date":"2025-05-07T17:01:09","date_gmt":"2025-05-07T17:01:09","guid":{"rendered":"https:\/\/2koenigefilm.de\/?page_id=199"},"modified":"2025-09-07T14:23:55","modified_gmt":"2025-09-07T14:23:55","slug":"der-grosse-zusammenbruch","status":"publish","type":"page","link":"https:\/\/2koenigefilm.de\/en\/der-grosse-zusammenbruch\/","title":{"rendered":"The Great Collapse"},"content":{"rendered":"<div data-elementor-type=\"wp-page\" data-elementor-id=\"199\" class=\"elementor elementor-199\" data-elementor-post-type=\"page\">\n\t\t\t\t<div class=\"elementor-element elementor-element-9219c70 e-flex e-con-boxed e-con e-parent\" data-id=\"9219c70\" data-element_type=\"container\">\n\t\t\t\t\t<div class=\"e-con-inner\">\n\t\t\t\t<div class=\"elementor-element elementor-element-d91ea1e elementor-widget elementor-widget-heading\" data-id=\"d91ea1e\" data-element_type=\"widget\" data-widget_type=\"heading.default\">\n\t\t\t\t<div class=\"elementor-widget-container\">\n\t\t\t\t\t<h1 class=\"elementor-heading-title elementor-size-default\">The Great Collapse<\/h1>\t\t\t\t<\/div>\n\t\t\t\t<\/div>\n\t\t\t\t\t<\/div>\n\t\t\t\t<\/div>\n\t\t<div class=\"elementor-element elementor-element-42dbaea e-flex e-con-boxed e-con e-parent\" data-id=\"42dbaea\" data-element_type=\"container\">\n\t\t\t\t\t<div class=\"e-con-inner\">\n\t\t\t\t<div class=\"elementor-element elementor-element-3f6b57f elementor-widget elementor-widget-heading\" data-id=\"3f6b57f\" data-element_type=\"widget\" data-widget_type=\"heading.default\">\n\t\t\t\t<div class=\"elementor-widget-container\">\n\t\t\t\t\t<h2 class=\"elementor-heading-title elementor-size-default\">Ein Spielfilm von Tilman K\u00f6nig <br>\nDeutschland | Deutsch <br>\n<em>In Production<\/em><\/h2>\t\t\t\t<\/div>\n\t\t\t\t<\/div>\n\t\t\t\t\t<\/div>\n\t\t\t\t<\/div>\n\t\t<div class=\"elementor-element elementor-element-8ce92b6 e-flex e-con-boxed e-con e-parent\" data-id=\"8ce92b6\" data-element_type=\"container\">\n\t\t\t\t\t<div class=\"e-con-inner\">\n\t\t\t\t<div class=\"elementor-element elementor-element-5b8ba5b elementor-widget elementor-widget-image\" data-id=\"5b8ba5b\" data-element_type=\"widget\" data-widget_type=\"image.default\">\n\t\t\t\t<div class=\"elementor-widget-container\">\n\t\t\t\t\t\t\t\t\t\t\t\t\t\t\t<img fetchpriority=\"high\" decoding=\"async\" width=\"1024\" height=\"576\" src=\"https:\/\/2koenigefilm.de\/wp-content\/uploads\/2025\/05\/DGZ-1024x576.png\" class=\"attachment-large size-large wp-image-1467\" alt=\"vorl\u00e4ufig\" srcset=\"https:\/\/2koenigefilm.de\/wp-content\/uploads\/2025\/05\/DGZ-1024x576.png 1024w, https:\/\/2koenigefilm.de\/wp-content\/uploads\/2025\/05\/DGZ-300x169.png 300w, https:\/\/2koenigefilm.de\/wp-content\/uploads\/2025\/05\/DGZ-768x432.png 768w, https:\/\/2koenigefilm.de\/wp-content\/uploads\/2025\/05\/DGZ-1536x864.png 1536w, https:\/\/2koenigefilm.de\/wp-content\/uploads\/2025\/05\/DGZ.png 1600w\" sizes=\"(max-width: 1024px) 100vw, 1024px\" \/>\t\t\t\t\t\t\t\t\t\t\t\t\t\t\t<\/div>\n\t\t\t\t<\/div>\n\t\t\t\t\t<\/div>\n\t\t\t\t<\/div>\n\t\t<div class=\"elementor-element elementor-element-2091168 e-grid e-con-boxed e-con e-parent\" data-id=\"2091168\" data-element_type=\"container\">\n\t\t\t\t\t<div class=\"e-con-inner\">\n\t\t<div class=\"elementor-element elementor-element-e60409f e-con-full e-flex e-con e-child\" data-id=\"e60409f\" data-element_type=\"container\">\n\t\t\t\t<div class=\"elementor-element elementor-element-4eb0157 elementor-widget elementor-widget-text-editor\" data-id=\"4eb0157\" data-element_type=\"widget\" data-widget_type=\"text-editor.default\">\n\t\t\t\t<div class=\"elementor-widget-container\">\n\t\t\t\t\t\t\t\t\t<h2>Description<\/h2>\n<span style=\"font-size: 20px; font-style: inherit; font-weight: inherit; text-align: var(--text-align); color: #334155;\">Der Gro\u00dfe Zusammenbruch erz\u00e4hlt vom Lebensk\u00fcnstler und Wendeverlierer Andr\u00e9, der sich in Leipzig mit kleinen Gelegenheitsjobs \u00fcber Wasser h\u00e4lt. Als seine pubertierende Tochter f\u00fcr drei Wochen bei ihm unterkommen muss, finden die beiden zun\u00e4chst keinen Draht zueinander. Alles \u00e4ndert sich, als Andr\u00e9 auf einer Konferenz von Verschw\u00f6rungstheoretikern landet. Der dort herbeigeredete Weltuntergang bietet Vater und Tochter die Chance auf einen Neuanfang.<\/span>\t\t\t\t\t\t\t\t<\/div>\n\t\t\t\t<\/div>\n\t\t\t\t<div class=\"elementor-element elementor-element-583dd8f elementor-widget elementor-widget-text-editor\" data-id=\"583dd8f\" data-element_type=\"widget\" data-widget_type=\"text-editor.default\">\n\t\t\t\t<div class=\"elementor-widget-container\">\n\t\t\t\t\t\t\t\t\t<h2>A production by<\/h2>\n<p>Neue Bioskop Film Leipzig <br>2K\u00f6nige Film <br>Mitteldeutscher Rundfunk (MDR)<\/p>\t\t\t\t\t\t\t\t<\/div>\n\t\t\t\t<\/div>\n\t\t\t\t<\/div>\n\t\t<div class=\"elementor-element elementor-element-99c1bb4 e-con-full e-flex e-con e-child\" data-id=\"99c1bb4\" data-element_type=\"container\">\n\t\t\t\t<div class=\"elementor-element elementor-element-8454771 elementor-widget__width-initial elementor-widget-tablet__width-initial elementor-widget-mobile__width-initial elementor-widget elementor-widget-text-editor\" data-id=\"8454771\" data-element_type=\"widget\" data-widget_type=\"text-editor.default\">\n\t\t\t\t<div class=\"elementor-widget-container\">\n\t\t\t\t\t\t\t\t\t<h2>Crew<\/h2><table style=\"border: none; border-collapse: collapse; width: 100%; table-layout: fixed; font-size: 1em; line-height: 1.5;\"><tbody><tr><td style=\"border: none; width: 50%; padding: 5px; vertical-align: top;\">Director, Writer<\/td><td style=\"border: none; width: 50%; padding: 5px; vertical-align: top;\">Tilman K\u00f6nig<\/td><\/tr><tr><td style=\"border: none; padding: 5px; vertical-align: top;\">Producer<\/td><td style=\"border: none; padding: 5px; vertical-align: top;\">Martin Roh\u00e9 <br \/>Tilman K\u00f6nig <br \/>Karl-Friedrich K\u00f6nig<br \/>Dietmar G\u00fcntsche<\/td><\/tr><tr><td style=\"border: none; padding: 5px; vertical-align: top;\">Commissioning Editors<\/td><td style=\"border: none; padding: 5px; vertical-align: top;\">Adrian Paul (MDR)<\/td><\/tr><tr><td style=\"border: none; padding: 5px; vertical-align: top;\"><p>Kinematografie<\/p><p>Editor<\/p><p>Produktionsdesign<\/p><p>Dramaturgische Beratung<\/p><p><span style=\"font-style: inherit; font-weight: inherit;\">Produktionsleitung<\/span><\/p><p>Production Supervisor<\/p><p style=\"font-size: 20px; font-style: normal; font-weight: 400;\">Regieassistenz<\/p><p>Tonmeister<\/p><p>\u00a0<\/p><table style=\"border-collapse: collapse; border: none; width: 467.797px; font-size: 1em; table-layout: fixed; line-height: 1.5;\"><tbody><tr><td style=\"padding: 5px; border: none; vertical-align: top;\"><p style=\"font-size: 20px;\">\u00a0<\/p><\/td><td style=\"padding: 5px; border: none; vertical-align: top;\"><p style=\"font-size: 20px;\">\u00a0<\/p><\/td><\/tr><\/tbody><\/table><\/td><td style=\"border: none; padding: 5px; vertical-align: top;\"><p>Johannes Praus<\/p><p>&#8211;<\/p><p>Tilman K\u00f6nig<\/p><p>Karl-Friedrich K\u00f6nig<\/p><p>Martin Roh\u00e9<\/p><p>Leopold Pape<\/p><p>Sandrina Koppitz<\/p><p>Christoph Fleischer &amp; Frank Schubert<\/p><p>\u00a0<\/p><\/td><\/tr><\/tbody><\/table>\t\t\t\t\t\t\t\t<\/div>\n\t\t\t\t<\/div>\n\t\t\t\t<\/div>\n\t\t\t\t\t<\/div>\n\t\t\t\t<\/div>\n\t\t<div class=\"elementor-element elementor-element-4cd7cbf e-grid e-con-boxed e-con e-parent\" data-id=\"4cd7cbf\" data-element_type=\"container\">\n\t\t\t\t\t<div class=\"e-con-inner\">\n\t\t<div class=\"elementor-element elementor-element-f59eca2 e-con-full e-flex e-con e-child\" data-id=\"f59eca2\" data-element_type=\"container\">\n\t\t\t\t<div class=\"elementor-element elementor-element-abc1b84 elementor-widget elementor-widget-text-editor\" data-id=\"abc1b84\" data-element_type=\"widget\" data-widget_type=\"text-editor.default\">\n\t\t\t\t<div class=\"elementor-widget-container\">\n\t\t\t\t\t\t\t\t\t<h2>Funded by<\/h2><p>MDM<br \/>MDR<br \/>DFFF<\/p>\t\t\t\t\t\t\t\t<\/div>\n\t\t\t\t<\/div>\n\t\t\t\t<\/div>\n\t\t<div class=\"elementor-element elementor-element-f88f44c e-con-full e-flex e-con e-child\" data-id=\"f88f44c\" data-element_type=\"container\">\n\t\t\t\t<div class=\"elementor-element elementor-element-d31b4cf elementor-widget elementor-widget-text-editor\" data-id=\"d31b4cf\" data-element_type=\"widget\" data-widget_type=\"text-editor.default\">\n\t\t\t\t<div class=\"elementor-widget-container\">\n\t\t\t\t\t\t\t\t\t<h2>Cast<\/h2><p>Thorsten Merten, Hanna Schygulla, Carla von Bodelschwingh, Martina Krompholz,\u00a0Paul Kuhn, Eduard Burza,\u00a0Maximilian Herold,\u00a0Andr\u00e9 Kauper,\u00a0Dorothea Arnold<\/p>\t\t\t\t\t\t\t\t<\/div>\n\t\t\t\t<\/div>\n\t\t\t\t<\/div>\n\t\t\t\t\t<\/div>\n\t\t\t\t<\/div>\n\t\t<div class=\"elementor-element elementor-element-c4fd72b e-grid e-con-boxed e-con e-parent\" data-id=\"c4fd72b\" data-element_type=\"container\">\n\t\t\t\t\t<div class=\"e-con-inner\">\n\t\t<div class=\"elementor-element elementor-element-be2c737 e-con-full e-flex e-con e-child\" data-id=\"be2c737\" data-element_type=\"container\">\n\t\t\t\t<div class=\"elementor-element elementor-element-117016d elementor-widget elementor-widget-text-editor\" data-id=\"117016d\" data-element_type=\"widget\" data-widget_type=\"text-editor.default\">\n\t\t\t\t<div class=\"elementor-widget-container\">\n\t\t\t\t\t\t\t\t\t<h2>Distribution<\/h2><p>Weltkino<\/p>\t\t\t\t\t\t\t\t<\/div>\n\t\t\t\t<\/div>\n\t\t\t\t<\/div>\n\t\t<div class=\"elementor-element elementor-element-5b1a3c4 e-con-full e-flex e-con e-child\" data-id=\"5b1a3c4\" data-element_type=\"container\">\n\t\t\t\t<div class=\"elementor-element elementor-element-21cf64f elementor-widget elementor-widget-heading\" data-id=\"21cf64f\" data-element_type=\"widget\" data-widget_type=\"heading.default\">\n\t\t\t\t<div class=\"elementor-widget-container\">\n\t\t\t\t\t<h2 class=\"elementor-heading-title elementor-size-default\">Trailer<\/h2>\t\t\t\t<\/div>\n\t\t\t\t<\/div>\n\t\t\t\t<div class=\"elementor-element elementor-element-173d2f0 elementor-widget elementor-widget-text-editor\" data-id=\"173d2f0\" data-element_type=\"widget\" data-widget_type=\"text-editor.default\">\n\t\t\t\t<div class=\"elementor-widget-container\">\n\t\t\t\t\t\t\t\t\t<p>&#8211;<\/p>\t\t\t\t\t\t\t\t<\/div>\n\t\t\t\t<\/div>\n\t\t\t\t<\/div>\n\t\t<div class=\"elementor-element elementor-element-65f8444 e-con-full e-flex e-con e-child\" data-id=\"65f8444\" data-element_type=\"container\">\n\t\t\t\t<div class=\"elementor-element elementor-element-e9dfe03 elementor-widget elementor-widget-text-editor\" data-id=\"e9dfe03\" data-element_type=\"widget\" data-widget_type=\"text-editor.default\">\n\t\t\t\t<div class=\"elementor-widget-container\">\n\t\t\t\t\t\t\t\t\t<h2>Evaluation<\/h2><p><span style=\"font-size: 16px; font-style: inherit; font-weight: inherit; text-align: var(--text-align); color: #334155;\">&#8211;<\/span><\/p>\t\t\t\t\t\t\t\t<\/div>\n\t\t\t\t<\/div>\n\t\t\t\t<\/div>\n\t\t\t\t\t<\/div>\n\t\t\t\t<\/div>\n\t\t<div class=\"elementor-element elementor-element-b6dec3d e-flex e-con-boxed e-con e-parent\" data-id=\"b6dec3d\" data-element_type=\"container\">\n\t\t\t\t\t<div class=\"e-con-inner\">\n\t\t\t\t\t<\/div>\n\t\t\t\t<\/div>\n\t\t\t\t<\/div>","protected":false},"excerpt":{"rendered":"<p>Der gro\u00dfe Zusammenbruch Ein Spielfilm von Tilman K\u00f6nig Deutschland | Deutsch In Produktion Beschreibung Der Gro\u00dfe Zusammenbruch erz\u00e4hlt vom Lebensk\u00fcnstler [&hellip;]<\/p>","protected":false},"author":1,"featured_media":0,"parent":0,"menu_order":1,"comment_status":"closed","ping_status":"closed","template":"","meta":{"site-sidebar-layout":"no-sidebar","site-content-layout":"","ast-site-content-layout":"full-width-container","site-content-style":"default","site-sidebar-style":"default","ast-global-header-display":"","ast-banner-title-visibility":"","ast-main-header-display":"","ast-hfb-above-header-display":"","ast-hfb-below-header-display":"","ast-hfb-mobile-header-display":"","site-post-title":"disabled","ast-breadcrumbs-content":"","ast-featured-img":"disabled","footer-sml-layout":"","theme-transparent-header-meta":"","adv-header-id-meta":"","stick-header-meta":"","header-above-stick-meta":"","header-main-stick-meta":"","header-below-stick-meta":"","astra-migrate-meta-layouts":"default","ast-page-background-enabled":"default","ast-page-background-meta":{"desktop":{"background-color":"var(--ast-global-color-5)","background-image":"","background-repeat":"repeat","background-position":"center center","background-size":"auto","background-attachment":"scroll","background-type":"","background-media":"","overlay-type":"","overlay-color":"","overlay-opacity":"","overlay-gradient":""},"tablet":{"background-color":"","background-image":"","background-repeat":"repeat","background-position":"center center","background-size":"auto","background-attachment":"scroll","background-type":"","background-media":"","overlay-type":"","overlay-color":"","overlay-opacity":"","overlay-gradient":""},"mobile":{"background-color":"","background-image":"","background-repeat":"repeat","background-position":"center center","background-size":"auto","background-attachment":"scroll","background-type":"","background-media":"","overlay-type":"","overlay-color":"","overlay-opacity":"","overlay-gradient":""}},"ast-content-background-meta":{"desktop":{"background-color":"var(--ast-global-color-4)","background-image":"","background-repeat":"repeat","background-position":"center center","background-size":"auto","background-attachment":"scroll","background-type":"","background-media":"","overlay-type":"","overlay-color":"","overlay-opacity":"","overlay-gradient":""},"tablet":{"background-color":"var(--ast-global-color-4)","background-image":"","background-repeat":"repeat","background-position":"center center","background-size":"auto","background-attachment":"scroll","background-type":"","background-media":"","overlay-type":"","overlay-color":"","overlay-opacity":"","overlay-gradient":""},"mobile":{"background-color":"var(--ast-global-color-4)","background-image":"","background-repeat":"repeat","background-position":"center center","background-size":"auto","background-attachment":"scroll","background-type":"","background-media":"","overlay-type":"","overlay-color":"","overlay-opacity":"","overlay-gradient":""}},"footnotes":""},"class_list":["post-199","page","type-page","status-publish","hentry"],"_links":{"self":[{"href":"https:\/\/2koenigefilm.de\/en\/wp-json\/wp\/v2\/pages\/199","targetHints":{"allow":["GET"]}}],"collection":[{"href":"https:\/\/2koenigefilm.de\/en\/wp-json\/wp\/v2\/pages"}],"about":[{"href":"https:\/\/2koenigefilm.de\/en\/wp-json\/wp\/v2\/types\/page"}],"author":[{"embeddable":true,"href":"https:\/\/2koenigefilm.de\/en\/wp-json\/wp\/v2\/users\/1"}],"replies":[{"embeddable":true,"href":"https:\/\/2koenigefilm.de\/en\/wp-json\/wp\/v2\/comments?post=199"}],"version-history":[{"count":178,"href":"https:\/\/2koenigefilm.de\/en\/wp-json\/wp\/v2\/pages\/199\/revisions"}],"predecessor-version":[{"id":2958,"href":"https:\/\/2koenigefilm.de\/en\/wp-json\/wp\/v2\/pages\/199\/revisions\/2958"}],"wp:attachment":[{"href":"https:\/\/2koenigefilm.de\/en\/wp-json\/wp\/v2\/media?parent=199"}],"curies":[{"name":"wp","href":"https:\/\/api.w.org\/{rel}","templated":true}]}}