{"id":2574,"date":"2025-06-12T09:39:29","date_gmt":"2025-06-12T09:39:29","guid":{"rendered":"https:\/\/2koenigefilm.de\/?page_id=2574"},"modified":"2026-02-05T08:54:54","modified_gmt":"2026-02-05T08:54:54","slug":"blut","status":"publish","type":"page","link":"https:\/\/2koenigefilm.de\/en\/blut\/","title":{"rendered":"Blood"},"content":{"rendered":"<div data-elementor-type=\"wp-page\" data-elementor-id=\"2574\" class=\"elementor elementor-2574\" data-elementor-post-type=\"page\">\n\t\t\t\t<div class=\"elementor-element elementor-element-63967c3 e-flex e-con-boxed e-con e-parent\" data-id=\"63967c3\" data-element_type=\"container\">\n\t\t\t\t\t<div class=\"e-con-inner\">\n\t\t\t\t<div class=\"elementor-element elementor-element-bdd0d2e elementor-widget elementor-widget-heading\" data-id=\"bdd0d2e\" data-element_type=\"widget\" data-widget_type=\"heading.default\">\n\t\t\t\t<div class=\"elementor-widget-container\">\n\t\t\t\t\t<h1 class=\"elementor-heading-title elementor-size-default\">STONE<\/h1>\t\t\t\t<\/div>\n\t\t\t\t<\/div>\n\t\t\t\t\t<\/div>\n\t\t\t\t<\/div>\n\t\t<div class=\"elementor-element elementor-element-c1d3bf2 e-flex e-con-boxed e-con e-parent\" data-id=\"c1d3bf2\" data-element_type=\"container\">\n\t\t\t\t\t<div class=\"e-con-inner\">\n\t\t\t\t<div class=\"elementor-element elementor-element-6cedcb8 elementor-widget elementor-widget-heading\" data-id=\"6cedcb8\" data-element_type=\"widget\" data-widget_type=\"heading.default\">\n\t\t\t\t<div class=\"elementor-widget-container\">\n\t\t\t\t\t<h2 class=\"elementor-heading-title elementor-size-default\">Ein Spielfilm von Tilman &amp; Karl-Friedrich K\u00f6nig <br>\nDeutschland | 90 min. | Deutsch <br>\n<em>In Progress<\/em><\/h2>\t\t\t\t<\/div>\n\t\t\t\t<\/div>\n\t\t\t\t\t<\/div>\n\t\t\t\t<\/div>\n\t\t<div class=\"elementor-element elementor-element-d9aba5b e-flex e-con-boxed e-con e-parent\" data-id=\"d9aba5b\" data-element_type=\"container\">\n\t\t\t\t\t<div class=\"e-con-inner\">\n\t\t\t\t<div class=\"elementor-element elementor-element-cbc5ffa elementor-widget elementor-widget-image\" data-id=\"cbc5ffa\" data-element_type=\"widget\" data-widget_type=\"image.default\">\n\t\t\t\t<div class=\"elementor-widget-container\">\n\t\t\t\t\t\t\t\t\t\t\t\t\t\t\t<img fetchpriority=\"high\" decoding=\"async\" width=\"1024\" height=\"576\" src=\"https:\/\/2koenigefilm.de\/wp-content\/uploads\/2025\/05\/blut-1920x1080-1-1024x576.png\" class=\"attachment-large size-large wp-image-1468\" alt=\"\" srcset=\"https:\/\/2koenigefilm.de\/wp-content\/uploads\/2025\/05\/blut-1920x1080-1-1024x576.png 1024w, https:\/\/2koenigefilm.de\/wp-content\/uploads\/2025\/05\/blut-1920x1080-1-300x169.png 300w, https:\/\/2koenigefilm.de\/wp-content\/uploads\/2025\/05\/blut-1920x1080-1-768x432.png 768w, https:\/\/2koenigefilm.de\/wp-content\/uploads\/2025\/05\/blut-1920x1080-1-1536x864.png 1536w, https:\/\/2koenigefilm.de\/wp-content\/uploads\/2025\/05\/blut-1920x1080-1.png 1600w\" sizes=\"(max-width: 1024px) 100vw, 1024px\" \/>\t\t\t\t\t\t\t\t\t\t\t\t\t\t\t<\/div>\n\t\t\t\t<\/div>\n\t\t\t\t\t<\/div>\n\t\t\t\t<\/div>\n\t\t<div class=\"elementor-element elementor-element-9a64967 e-grid e-con-boxed e-con e-parent\" data-id=\"9a64967\" data-element_type=\"container\">\n\t\t\t\t\t<div class=\"e-con-inner\">\n\t\t<div class=\"elementor-element elementor-element-e17c494 e-con-full e-flex e-con e-child\" data-id=\"e17c494\" data-element_type=\"container\">\n\t\t\t\t<div class=\"elementor-element elementor-element-82da99c elementor-widget elementor-widget-text-editor\" data-id=\"82da99c\" data-element_type=\"widget\" data-widget_type=\"text-editor.default\">\n\t\t\t\t<div class=\"elementor-widget-container\">\n\t\t\t\t\t\t\t\t\t<h2>Description<\/h2><div class=\"page\" title=\"Page 5\"><div class=\"section\"><div class=\"layoutArea\"><div class=\"column\"><p>Um ihrer krebskranken Mutter das Leben zu retten, die aus dem Krankenhaus in eine esoterische Heilkommune geflohen ist, schleust sich Karen Undercover in die bizarre Gemeinschaft im S\u00e4chsischen Vogtland. Doch dort ger\u00e4t Karen selbst in den Sog der spirituellen F\u00fchrerin Rebecca von Dreien, dem mysteri\u00f6sen Lichtwesen und ihrer Esoterik.<\/p><\/div><\/div><\/div><\/div><p><span style=\"font-size: 16px; font-style: inherit; font-weight: inherit; text-align: var(--text-align); color: #334155;\">\u00a0<\/span><\/p>\t\t\t\t\t\t\t\t<\/div>\n\t\t\t\t<\/div>\n\t\t\t\t<div class=\"elementor-element elementor-element-1e7e467 elementor-widget elementor-widget-text-editor\" data-id=\"1e7e467\" data-element_type=\"widget\" data-widget_type=\"text-editor.default\">\n\t\t\t\t<div class=\"elementor-widget-container\">\n\t\t\t\t\t\t\t\t\t<h2>A production by<\/h2><p style=\"margin: 0;\">&#8211;<\/p>\t\t\t\t\t\t\t\t<\/div>\n\t\t\t\t<\/div>\n\t\t\t\t<\/div>\n\t\t<div class=\"elementor-element elementor-element-62a006c e-con-full e-flex e-con e-child\" data-id=\"62a006c\" data-element_type=\"container\">\n\t\t\t\t<div class=\"elementor-element elementor-element-f1d4fe6 elementor-widget__width-initial elementor-widget-mobile__width-initial elementor-widget-tablet__width-initial elementor-widget elementor-widget-text-editor\" data-id=\"f1d4fe6\" data-element_type=\"widget\" data-widget_type=\"text-editor.default\">\n\t\t\t\t<div class=\"elementor-widget-container\">\n\t\t\t\t\t\t\t\t\t<h2>Crew<\/h2><table style=\"border: none; border-collapse: collapse; width: 100%; table-layout: fixed; font-size: 1em; line-height: 1.5;\"><tbody><tr><td style=\"border: none; width: 50%; padding: 5px; vertical-align: top;\">Director, Writer<\/td><td style=\"border: none; width: 50%; padding: 5px; vertical-align: top;\">Tilman K\u00f6nig<br \/>Karl-Friedrich K\u00f6nig<\/td><\/tr><tr><td style=\"border: none; width: 50%; padding: 5px; vertical-align: top;\">dramaturgy<\/td><td style=\"border: none; width: 50%; padding: 5px; vertical-align: top;\">Stephanie Bogon<\/td><\/tr><tr><td style=\"border: none; padding: 5px; vertical-align: top;\">Producer<\/td><td style=\"border: none; padding: 5px; vertical-align: top;\">Tilman K\u00f6nig <br \/>Karl-Friedrich K\u00f6nig<\/td><\/tr><tr><td style=\"border: none; padding: 5px; vertical-align: top;\">DoP<\/td><td style=\"border: none; padding: 5px; vertical-align: top;\">&#8211;<\/td><\/tr><\/tbody><\/table>\t\t\t\t\t\t\t\t<\/div>\n\t\t\t\t<\/div>\n\t\t\t\t<\/div>\n\t\t\t\t\t<\/div>\n\t\t\t\t<\/div>\n\t\t<div class=\"elementor-element elementor-element-3c57fac e-grid e-con-boxed e-con e-parent\" data-id=\"3c57fac\" data-element_type=\"container\">\n\t\t\t\t\t<div class=\"e-con-inner\">\n\t\t<div class=\"elementor-element elementor-element-b46bc43 e-con-full e-flex e-con e-child\" data-id=\"b46bc43\" data-element_type=\"container\">\n\t\t\t\t<div class=\"elementor-element elementor-element-9e3c0c4 elementor-widget elementor-widget-text-editor\" data-id=\"9e3c0c4\" data-element_type=\"widget\" data-widget_type=\"text-editor.default\">\n\t\t\t\t<div class=\"elementor-widget-container\">\n\t\t\t\t\t\t\t\t\t<h2>Funded by<\/h2>\n<p>&#8211;<\/p>\t\t\t\t\t\t\t\t<\/div>\n\t\t\t\t<\/div>\n\t\t\t\t<\/div>\n\t\t<div class=\"elementor-element elementor-element-3270f7d e-con-full e-flex e-con e-child\" data-id=\"3270f7d\" data-element_type=\"container\">\n\t\t\t\t<div class=\"elementor-element elementor-element-d5bcfbb elementor-widget elementor-widget-text-editor\" data-id=\"d5bcfbb\" data-element_type=\"widget\" data-widget_type=\"text-editor.default\">\n\t\t\t\t<div class=\"elementor-widget-container\">\n\t\t\t\t\t\t\t\t\t<h2>Cast<\/h2><p><span style=\"font-size: 16px; font-style: inherit; font-weight: inherit; text-align: var(--text-align); color: #334155;\">&#8211;<\/span><\/p>\t\t\t\t\t\t\t\t<\/div>\n\t\t\t\t<\/div>\n\t\t\t\t<\/div>\n\t\t\t\t\t<\/div>\n\t\t\t\t<\/div>\n\t\t<div class=\"elementor-element elementor-element-fce04ec e-grid e-con-boxed e-con e-parent\" data-id=\"fce04ec\" data-element_type=\"container\">\n\t\t\t\t\t<div class=\"e-con-inner\">\n\t\t<div class=\"elementor-element elementor-element-3490111 e-con-full e-flex e-con e-child\" data-id=\"3490111\" data-element_type=\"container\">\n\t\t\t\t<div class=\"elementor-element elementor-element-34608b6 elementor-widget elementor-widget-text-editor\" data-id=\"34608b6\" data-element_type=\"widget\" data-widget_type=\"text-editor.default\">\n\t\t\t\t<div class=\"elementor-widget-container\">\n\t\t\t\t\t\t\t\t\t<h2>Distribution<\/h2>\n&#8211;\t\t\t\t\t\t\t\t<\/div>\n\t\t\t\t<\/div>\n\t\t\t\t<\/div>\n\t\t<div class=\"elementor-element elementor-element-c1f02ad e-con-full e-flex e-con e-child\" data-id=\"c1f02ad\" data-element_type=\"container\">\n\t\t\t\t<div class=\"elementor-element elementor-element-a101de1 elementor-widget elementor-widget-heading\" data-id=\"a101de1\" data-element_type=\"widget\" data-widget_type=\"heading.default\">\n\t\t\t\t<div class=\"elementor-widget-container\">\n\t\t\t\t\t<h2 class=\"elementor-heading-title elementor-size-default\">Trailer<\/h2>\t\t\t\t<\/div>\n\t\t\t\t<\/div>\n\t\t\t\t<div class=\"elementor-element elementor-element-a588c98 elementor-widget elementor-widget-text-editor\" data-id=\"a588c98\" data-element_type=\"widget\" data-widget_type=\"text-editor.default\">\n\t\t\t\t<div class=\"elementor-widget-container\">\n\t\t\t\t\t\t\t\t\t<p>&#8211;<\/p>\t\t\t\t\t\t\t\t<\/div>\n\t\t\t\t<\/div>\n\t\t\t\t<\/div>\n\t\t<div class=\"elementor-element elementor-element-6974d6f e-con-full e-flex e-con e-child\" data-id=\"6974d6f\" data-element_type=\"container\">\n\t\t\t\t<div class=\"elementor-element elementor-element-cd2c141 elementor-widget elementor-widget-text-editor\" data-id=\"cd2c141\" data-element_type=\"widget\" data-widget_type=\"text-editor.default\">\n\t\t\t\t<div class=\"elementor-widget-container\">\n\t\t\t\t\t\t\t\t\t<h2>Evaluation<\/h2><p><span style=\"font-size: 16px; font-style: inherit; font-weight: inherit; text-align: var(--text-align); color: #334155;\">&#8211;<\/span><\/p>\t\t\t\t\t\t\t\t<\/div>\n\t\t\t\t<\/div>\n\t\t\t\t<\/div>\n\t\t\t\t\t<\/div>\n\t\t\t\t<\/div>\n\t\t\t\t<\/div>","protected":false},"excerpt":{"rendered":"<p>STEIN Ein Spielfilm von Tilman &amp; Karl-Friedrich K\u00f6nig Deutschland | 90 min. | Deutsch In Entwicklung Beschreibung Um ihrer krebskranken [&hellip;]<\/p>","protected":false},"author":1,"featured_media":0,"parent":0,"menu_order":0,"comment_status":"closed","ping_status":"closed","template":"","meta":{"site-sidebar-layout":"no-sidebar","site-content-layout":"","ast-site-content-layout":"full-width-container","site-content-style":"default","site-sidebar-style":"default","ast-global-header-display":"","ast-banner-title-visibility":"","ast-main-header-display":"","ast-hfb-above-header-display":"","ast-hfb-below-header-display":"","ast-hfb-mobile-header-display":"","site-post-title":"disabled","ast-breadcrumbs-content":"","ast-featured-img":"disabled","footer-sml-layout":"","theme-transparent-header-meta":"","adv-header-id-meta":"","stick-header-meta":"","header-above-stick-meta":"","header-main-stick-meta":"","header-below-stick-meta":"","astra-migrate-meta-layouts":"default","ast-page-background-enabled":"default","ast-page-background-meta":{"desktop":{"background-color":"var(--ast-global-color-5)","background-image":"","background-repeat":"repeat","background-position":"center center","background-size":"auto","background-attachment":"scroll","background-type":"","background-media":"","overlay-type":"","overlay-color":"","overlay-opacity":"","overlay-gradient":""},"tablet":{"background-color":"","background-image":"","background-repeat":"repeat","background-position":"center center","background-size":"auto","background-attachment":"scroll","background-type":"","background-media":"","overlay-type":"","overlay-color":"","overlay-opacity":"","overlay-gradient":""},"mobile":{"background-color":"","background-image":"","background-repeat":"repeat","background-position":"center center","background-size":"auto","background-attachment":"scroll","background-type":"","background-media":"","overlay-type":"","overlay-color":"","overlay-opacity":"","overlay-gradient":""}},"ast-content-background-meta":{"desktop":{"background-color":"var(--ast-global-color-4)","background-image":"","background-repeat":"repeat","background-position":"center center","background-size":"auto","background-attachment":"scroll","background-type":"","background-media":"","overlay-type":"","overlay-color":"","overlay-opacity":"","overlay-gradient":""},"tablet":{"background-color":"var(--ast-global-color-4)","background-image":"","background-repeat":"repeat","background-position":"center center","background-size":"auto","background-attachment":"scroll","background-type":"","background-media":"","overlay-type":"","overlay-color":"","overlay-opacity":"","overlay-gradient":""},"mobile":{"background-color":"var(--ast-global-color-4)","background-image":"","background-repeat":"repeat","background-position":"center center","background-size":"auto","background-attachment":"scroll","background-type":"","background-media":"","overlay-type":"","overlay-color":"","overlay-opacity":"","overlay-gradient":""}},"footnotes":""},"class_list":["post-2574","page","type-page","status-publish","hentry"],"_links":{"self":[{"href":"https:\/\/2koenigefilm.de\/en\/wp-json\/wp\/v2\/pages\/2574","targetHints":{"allow":["GET"]}}],"collection":[{"href":"https:\/\/2koenigefilm.de\/en\/wp-json\/wp\/v2\/pages"}],"about":[{"href":"https:\/\/2koenigefilm.de\/en\/wp-json\/wp\/v2\/types\/page"}],"author":[{"embeddable":true,"href":"https:\/\/2koenigefilm.de\/en\/wp-json\/wp\/v2\/users\/1"}],"replies":[{"embeddable":true,"href":"https:\/\/2koenigefilm.de\/en\/wp-json\/wp\/v2\/comments?post=2574"}],"version-history":[{"count":43,"href":"https:\/\/2koenigefilm.de\/en\/wp-json\/wp\/v2\/pages\/2574\/revisions"}],"predecessor-version":[{"id":3029,"href":"https:\/\/2koenigefilm.de\/en\/wp-json\/wp\/v2\/pages\/2574\/revisions\/3029"}],"wp:attachment":[{"href":"https:\/\/2koenigefilm.de\/en\/wp-json\/wp\/v2\/media?parent=2574"}],"curies":[{"name":"wp","href":"https:\/\/api.w.org\/{rel}","templated":true}]}}