{"id":9,"date":"2025-04-23T13:45:42","date_gmt":"2025-04-23T13:45:42","guid":{"rendered":"https:\/\/2koenigefilm.de\/?page_id=9"},"modified":"2026-02-05T08:39:20","modified_gmt":"2026-02-05T08:39:20","slug":"filme","status":"publish","type":"page","link":"https:\/\/2koenigefilm.de\/en\/filme\/","title":{"rendered":"Films"},"content":{"rendered":"<div data-elementor-type=\"wp-page\" data-elementor-id=\"9\" class=\"elementor elementor-9\" data-elementor-post-type=\"page\">\n\t\t\t\t<div class=\"elementor-element elementor-element-6701753 e-flex e-con-boxed e-con e-parent\" data-id=\"6701753\" data-element_type=\"container\">\n\t\t\t\t\t<div class=\"e-con-inner\">\n\t\t<div class=\"elementor-element elementor-element-0c7e302 e-con-full e-flex e-con e-child\" data-id=\"0c7e302\" data-element_type=\"container\">\n\t\t\t\t<div class=\"elementor-element elementor-element-a5266bb elementor-widget elementor-widget-image\" data-id=\"a5266bb\" data-element_type=\"widget\" data-widget_type=\"image.default\">\n\t\t\t\t<div class=\"elementor-widget-container\">\n\t\t\t\t\t\t\t\t\t\t\t\t<figure class=\"wp-caption\">\n\t\t\t\t\t\t\t\t\t\t\t<a href=\"https:\/\/2koenigefilm.de\/en\/der-grosse-zusammenbruch\/\">\n\t\t\t\t\t\t\t<img fetchpriority=\"high\" decoding=\"async\" width=\"1024\" height=\"576\" src=\"https:\/\/2koenigefilm.de\/wp-content\/uploads\/2025\/05\/DGZ-1024x576.png\" class=\"attachment-large size-large wp-image-1467\" alt=\"vorl\u00e4ufig\" srcset=\"https:\/\/2koenigefilm.de\/wp-content\/uploads\/2025\/05\/DGZ-1024x576.png 1024w, https:\/\/2koenigefilm.de\/wp-content\/uploads\/2025\/05\/DGZ-300x169.png 300w, https:\/\/2koenigefilm.de\/wp-content\/uploads\/2025\/05\/DGZ-768x432.png 768w, https:\/\/2koenigefilm.de\/wp-content\/uploads\/2025\/05\/DGZ-1536x864.png 1536w, https:\/\/2koenigefilm.de\/wp-content\/uploads\/2025\/05\/DGZ.png 1600w\" sizes=\"(max-width: 1024px) 100vw, 1024px\" \/>\t\t\t\t\t\t\t\t<\/a>\n\t\t\t\t\t\t\t\t\t\t\t<figcaption class=\"widget-image-caption wp-caption-text\">The Great Collapse<\/figcaption>\n\t\t\t\t\t\t\t\t\t\t<\/figure>\n\t\t\t\t\t\t\t\t\t<\/div>\n\t\t\t\t<\/div>\n\t\t\t\t<\/div>\n\t\t<div class=\"elementor-element elementor-element-3a7b52f e-con-full e-flex e-con e-child\" data-id=\"3a7b52f\" data-element_type=\"container\">\n\t\t\t\t<div class=\"elementor-element elementor-element-9ddeb8d elementor-widget elementor-widget-image\" data-id=\"9ddeb8d\" data-element_type=\"widget\" data-widget_type=\"image.default\">\n\t\t\t\t<div class=\"elementor-widget-container\">\n\t\t\t\t\t\t\t\t\t\t\t\t<figure class=\"wp-caption\">\n\t\t\t\t\t\t\t\t\t\t\t<a href=\"https:\/\/2koenigefilm.de\/en\/blut\/\">\n\t\t\t\t\t\t\t<img decoding=\"async\" width=\"1024\" height=\"576\" src=\"https:\/\/2koenigefilm.de\/wp-content\/uploads\/2025\/05\/blut-1920x1080-1-1024x576.png\" class=\"attachment-large size-large wp-image-1468\" alt=\"\" srcset=\"https:\/\/2koenigefilm.de\/wp-content\/uploads\/2025\/05\/blut-1920x1080-1-1024x576.png 1024w, https:\/\/2koenigefilm.de\/wp-content\/uploads\/2025\/05\/blut-1920x1080-1-300x169.png 300w, https:\/\/2koenigefilm.de\/wp-content\/uploads\/2025\/05\/blut-1920x1080-1-768x432.png 768w, https:\/\/2koenigefilm.de\/wp-content\/uploads\/2025\/05\/blut-1920x1080-1-1536x864.png 1536w, https:\/\/2koenigefilm.de\/wp-content\/uploads\/2025\/05\/blut-1920x1080-1.png 1600w\" sizes=\"(max-width: 1024px) 100vw, 1024px\" \/>\t\t\t\t\t\t\t\t<\/a>\n\t\t\t\t\t\t\t\t\t\t\t<figcaption class=\"widget-image-caption wp-caption-text\">STONE<\/figcaption>\n\t\t\t\t\t\t\t\t\t\t<\/figure>\n\t\t\t\t\t\t\t\t\t<\/div>\n\t\t\t\t<\/div>\n\t\t\t\t<\/div>\n\t\t\t\t\t<\/div>\n\t\t\t\t<\/div>\n\t\t<div class=\"elementor-element elementor-element-66c6231 e-flex e-con-boxed e-con e-parent\" data-id=\"66c6231\" data-element_type=\"container\">\n\t\t\t\t\t<div class=\"e-con-inner\">\n\t\t<div class=\"elementor-element elementor-element-715614d e-con-full e-flex e-con e-child\" data-id=\"715614d\" data-element_type=\"container\">\n\t\t\t\t<div class=\"elementor-element elementor-element-adf3255 elementor-widget elementor-widget-image\" data-id=\"adf3255\" data-element_type=\"widget\" data-widget_type=\"image.default\">\n\t\t\t\t<div class=\"elementor-widget-container\">\n\t\t\t\t\t\t\t\t\t\t\t\t<figure class=\"wp-caption\">\n\t\t\t\t\t\t\t\t\t\t\t<a href=\"https:\/\/2koenigefilm.de\/en\/koenig-hoert-auf\/\">\n\t\t\t\t\t\t\t<img decoding=\"async\" width=\"1600\" height=\"899\" src=\"https:\/\/2koenigefilm.de\/wp-content\/uploads\/2025\/05\/Koenig-mit.png\" class=\"attachment-full size-full wp-image-1374\" alt=\"\" srcset=\"https:\/\/2koenigefilm.de\/wp-content\/uploads\/2025\/05\/Koenig-mit.png 1600w, https:\/\/2koenigefilm.de\/wp-content\/uploads\/2025\/05\/Koenig-mit-300x169.png 300w, https:\/\/2koenigefilm.de\/wp-content\/uploads\/2025\/05\/Koenig-mit-1024x575.png 1024w, https:\/\/2koenigefilm.de\/wp-content\/uploads\/2025\/05\/Koenig-mit-768x432.png 768w, https:\/\/2koenigefilm.de\/wp-content\/uploads\/2025\/05\/Koenig-mit-1536x863.png 1536w\" sizes=\"(max-width: 1600px) 100vw, 1600px\" \/>\t\t\t\t\t\t\t\t<\/a>\n\t\t\t\t\t\t\t\t\t\t\t<figcaption class=\"widget-image-caption wp-caption-text\">Pastor Lothar Stops<\/figcaption>\n\t\t\t\t\t\t\t\t\t\t<\/figure>\n\t\t\t\t\t\t\t\t\t<\/div>\n\t\t\t\t<\/div>\n\t\t\t\t<\/div>\n\t\t<div class=\"elementor-element elementor-element-9ace122 e-con-full e-flex e-con e-child\" data-id=\"9ace122\" data-element_type=\"container\">\n\t\t\t\t<div class=\"elementor-element elementor-element-3250213 elementor-widget elementor-widget-image\" data-id=\"3250213\" data-element_type=\"widget\" data-widget_type=\"image.default\">\n\t\t\t\t<div class=\"elementor-widget-container\">\n\t\t\t\t\t\t\t\t\t\t\t\t<figure class=\"wp-caption\">\n\t\t\t\t\t\t\t\t\t\t\t<a href=\"https:\/\/2koenigefilm.de\/en\/denkste-puppe\/\">\n\t\t\t\t\t\t\t<img loading=\"lazy\" decoding=\"async\" width=\"1600\" height=\"900\" src=\"https:\/\/2koenigefilm.de\/wp-content\/uploads\/2025\/05\/Denkste-Puppe-mit.png\" class=\"attachment-full size-full wp-image-1365\" alt=\"\" srcset=\"https:\/\/2koenigefilm.de\/wp-content\/uploads\/2025\/05\/Denkste-Puppe-mit.png 1600w, https:\/\/2koenigefilm.de\/wp-content\/uploads\/2025\/05\/Denkste-Puppe-mit-300x169.png 300w, https:\/\/2koenigefilm.de\/wp-content\/uploads\/2025\/05\/Denkste-Puppe-mit-1024x576.png 1024w, https:\/\/2koenigefilm.de\/wp-content\/uploads\/2025\/05\/Denkste-Puppe-mit-768x432.png 768w, https:\/\/2koenigefilm.de\/wp-content\/uploads\/2025\/05\/Denkste-Puppe-mit-1536x864.png 1536w\" sizes=\"(max-width: 1600px) 100vw, 1600px\" \/>\t\t\t\t\t\t\t\t<\/a>\n\t\t\t\t\t\t\t\t\t\t\t<figcaption class=\"widget-image-caption wp-caption-text\">Thought Doll<\/figcaption>\n\t\t\t\t\t\t\t\t\t\t<\/figure>\n\t\t\t\t\t\t\t\t\t<\/div>\n\t\t\t\t<\/div>\n\t\t\t\t<\/div>\n\t\t\t\t\t<\/div>\n\t\t\t\t<\/div>\n\t\t<div class=\"elementor-element elementor-element-bdaf4f7 e-flex e-con-boxed e-con e-parent\" data-id=\"bdaf4f7\" data-element_type=\"container\">\n\t\t\t\t\t<div class=\"e-con-inner\">\n\t\t<div class=\"elementor-element elementor-element-7793943 e-con-full e-flex e-con e-child\" data-id=\"7793943\" data-element_type=\"container\">\n\t\t\t\t<div class=\"elementor-element elementor-element-b2ac87b elementor-widget elementor-widget-image\" data-id=\"b2ac87b\" data-element_type=\"widget\" data-widget_type=\"image.default\">\n\t\t\t\t<div class=\"elementor-widget-container\">\n\t\t\t\t\t\t\t\t\t\t\t\t<figure class=\"wp-caption\">\n\t\t\t\t\t\t\t\t\t\t\t<a href=\"https:\/\/2koenigefilm.de\/en\/an-der-saale-hellem-strande\/\">\n\t\t\t\t\t\t\t<img loading=\"lazy\" decoding=\"async\" width=\"1024\" height=\"576\" src=\"https:\/\/2koenigefilm.de\/wp-content\/uploads\/2025\/05\/Saale-mit-1024x576.png\" class=\"attachment-large size-large wp-image-1380\" alt=\"\" srcset=\"https:\/\/2koenigefilm.de\/wp-content\/uploads\/2025\/05\/Saale-mit-1024x576.png 1024w, https:\/\/2koenigefilm.de\/wp-content\/uploads\/2025\/05\/Saale-mit-300x169.png 300w, https:\/\/2koenigefilm.de\/wp-content\/uploads\/2025\/05\/Saale-mit-768x432.png 768w, https:\/\/2koenigefilm.de\/wp-content\/uploads\/2025\/05\/Saale-mit-1536x864.png 1536w, https:\/\/2koenigefilm.de\/wp-content\/uploads\/2025\/05\/Saale-mit.png 1600w\" sizes=\"(max-width: 1024px) 100vw, 1024px\" \/>\t\t\t\t\t\t\t\t<\/a>\n\t\t\t\t\t\t\t\t\t\t\t<figcaption class=\"widget-image-caption wp-caption-text\">Down by the River<\/figcaption>\n\t\t\t\t\t\t\t\t\t\t<\/figure>\n\t\t\t\t\t\t\t\t\t<\/div>\n\t\t\t\t<\/div>\n\t\t\t\t<\/div>\n\t\t<div class=\"elementor-element elementor-element-967fd11 e-con-full e-flex e-con e-child\" data-id=\"967fd11\" data-element_type=\"container\">\n\t\t\t\t<div class=\"elementor-element elementor-element-0614206 elementor-widget elementor-widget-image\" data-id=\"0614206\" data-element_type=\"widget\" data-widget_type=\"image.default\">\n\t\t\t\t<div class=\"elementor-widget-container\">\n\t\t\t\t\t\t\t\t\t\t\t\t<figure class=\"wp-caption\">\n\t\t\t\t\t\t\t\t\t\t\t<a href=\"https:\/\/2koenigefilm.de\/en\/der-ruf\/\">\n\t\t\t\t\t\t\t<img loading=\"lazy\" decoding=\"async\" width=\"1600\" height=\"900\" src=\"https:\/\/2koenigefilm.de\/wp-content\/uploads\/2025\/05\/Der-Ruf-mit.png\" class=\"attachment-full size-full wp-image-1367\" alt=\"\" srcset=\"https:\/\/2koenigefilm.de\/wp-content\/uploads\/2025\/05\/Der-Ruf-mit.png 1600w, https:\/\/2koenigefilm.de\/wp-content\/uploads\/2025\/05\/Der-Ruf-mit-300x169.png 300w, https:\/\/2koenigefilm.de\/wp-content\/uploads\/2025\/05\/Der-Ruf-mit-1024x576.png 1024w, https:\/\/2koenigefilm.de\/wp-content\/uploads\/2025\/05\/Der-Ruf-mit-768x432.png 768w, https:\/\/2koenigefilm.de\/wp-content\/uploads\/2025\/05\/Der-Ruf-mit-1536x864.png 1536w\" sizes=\"(max-width: 1600px) 100vw, 1600px\" \/>\t\t\t\t\t\t\t\t<\/a>\n\t\t\t\t\t\t\t\t\t\t\t<figcaption class=\"widget-image-caption wp-caption-text\">The Call<\/figcaption>\n\t\t\t\t\t\t\t\t\t\t<\/figure>\n\t\t\t\t\t\t\t\t\t<\/div>\n\t\t\t\t<\/div>\n\t\t\t\t<\/div>\n\t\t\t\t\t<\/div>\n\t\t\t\t<\/div>\n\t\t<div class=\"elementor-element elementor-element-7803000 e-flex e-con-boxed e-con e-parent\" data-id=\"7803000\" data-element_type=\"container\">\n\t\t\t\t\t<div class=\"e-con-inner\">\n\t\t<div class=\"elementor-element elementor-element-5f9ce20 e-con-full e-flex e-con e-child\" data-id=\"5f9ce20\" data-element_type=\"container\">\n\t\t\t\t<div class=\"elementor-element elementor-element-62a2f0b elementor-widget elementor-widget-image\" data-id=\"62a2f0b\" data-element_type=\"widget\" data-widget_type=\"image.default\">\n\t\t\t\t<div class=\"elementor-widget-container\">\n\t\t\t\t\t\t\t\t\t\t\t\t<figure class=\"wp-caption\">\n\t\t\t\t\t\t\t\t\t\t\t<a href=\"https:\/\/2koenigefilm.de\/en\/der-schwarze-nazi\/\">\n\t\t\t\t\t\t\t<img loading=\"lazy\" decoding=\"async\" width=\"1024\" height=\"576\" src=\"https:\/\/2koenigefilm.de\/wp-content\/uploads\/2025\/06\/Der-schwarze-Nazi-mit-1024x576.png\" class=\"attachment-large size-large wp-image-2036\" alt=\"\" srcset=\"https:\/\/2koenigefilm.de\/wp-content\/uploads\/2025\/06\/Der-schwarze-Nazi-mit-1024x576.png 1024w, https:\/\/2koenigefilm.de\/wp-content\/uploads\/2025\/06\/Der-schwarze-Nazi-mit-300x169.png 300w, https:\/\/2koenigefilm.de\/wp-content\/uploads\/2025\/06\/Der-schwarze-Nazi-mit-768x432.png 768w, https:\/\/2koenigefilm.de\/wp-content\/uploads\/2025\/06\/Der-schwarze-Nazi-mit-1536x864.png 1536w, https:\/\/2koenigefilm.de\/wp-content\/uploads\/2025\/06\/Der-schwarze-Nazi-mit-18x10.png 18w, https:\/\/2koenigefilm.de\/wp-content\/uploads\/2025\/06\/Der-schwarze-Nazi-mit.png 1600w\" sizes=\"(max-width: 1024px) 100vw, 1024px\" \/>\t\t\t\t\t\t\t\t<\/a>\n\t\t\t\t\t\t\t\t\t\t\t<figcaption class=\"widget-image-caption wp-caption-text\">THE BLACK NAZI<\/figcaption>\n\t\t\t\t\t\t\t\t\t\t<\/figure>\n\t\t\t\t\t\t\t\t\t<\/div>\n\t\t\t\t<\/div>\n\t\t\t\t<\/div>\n\t\t<div class=\"elementor-element elementor-element-e21528f e-con-full e-flex e-con e-child\" data-id=\"e21528f\" data-element_type=\"container\">\n\t\t\t\t<\/div>\n\t\t\t\t\t<\/div>\n\t\t\t\t<\/div>\n\t\t\t\t<\/div>","protected":false},"excerpt":{"rendered":"<p>Der gro\u00dfe Zusammenbruch STEIN K\u00f6nig h\u00f6rt auf Denkste Puppe An der Saale hellem Strande Der Ruf DER SCHWARZE NAZI<\/p>","protected":false},"author":1,"featured_media":0,"parent":0,"menu_order":0,"comment_status":"closed","ping_status":"closed","template":"","meta":{"site-sidebar-layout":"no-sidebar","site-content-layout":"","ast-site-content-layout":"full-width-container","site-content-style":"default","site-sidebar-style":"default","ast-global-header-display":"","ast-banner-title-visibility":"","ast-main-header-display":"","ast-hfb-above-header-display":"","ast-hfb-below-header-display":"","ast-hfb-mobile-header-display":"","site-post-title":"disabled","ast-breadcrumbs-content":"","ast-featured-img":"disabled","footer-sml-layout":"","theme-transparent-header-meta":"","adv-header-id-meta":"","stick-header-meta":"","header-above-stick-meta":"","header-main-stick-meta":"","header-below-stick-meta":"","astra-migrate-meta-layouts":"default","ast-page-background-enabled":"default","ast-page-background-meta":{"desktop":{"background-color":"var(--ast-global-color-5)","background-image":"","background-repeat":"repeat","background-position":"center center","background-size":"auto","background-attachment":"scroll","background-type":"","background-media":"","overlay-type":"","overlay-color":"","overlay-opacity":"","overlay-gradient":""},"tablet":{"background-color":"","background-image":"","background-repeat":"repeat","background-position":"center center","background-size":"auto","background-attachment":"scroll","background-type":"","background-media":"","overlay-type":"","overlay-color":"","overlay-opacity":"","overlay-gradient":""},"mobile":{"background-color":"","background-image":"","background-repeat":"repeat","background-position":"center center","background-size":"auto","background-attachment":"scroll","background-type":"","background-media":"","overlay-type":"","overlay-color":"","overlay-opacity":"","overlay-gradient":""}},"ast-content-background-meta":{"desktop":{"background-color":"var(--ast-global-color-4)","background-image":"","background-repeat":"repeat","background-position":"center center","background-size":"auto","background-attachment":"scroll","background-type":"","background-media":"","overlay-type":"","overlay-color":"","overlay-opacity":"","overlay-gradient":""},"tablet":{"background-color":"var(--ast-global-color-4)","background-image":"","background-repeat":"repeat","background-position":"center center","background-size":"auto","background-attachment":"scroll","background-type":"","background-media":"","overlay-type":"","overlay-color":"","overlay-opacity":"","overlay-gradient":""},"mobile":{"background-color":"var(--ast-global-color-4)","background-image":"","background-repeat":"repeat","background-position":"center center","background-size":"auto","background-attachment":"scroll","background-type":"","background-media":"","overlay-type":"","overlay-color":"","overlay-opacity":"","overlay-gradient":""}},"footnotes":""},"class_list":["post-9","page","type-page","status-publish","hentry"],"_links":{"self":[{"href":"https:\/\/2koenigefilm.de\/en\/wp-json\/wp\/v2\/pages\/9","targetHints":{"allow":["GET"]}}],"collection":[{"href":"https:\/\/2koenigefilm.de\/en\/wp-json\/wp\/v2\/pages"}],"about":[{"href":"https:\/\/2koenigefilm.de\/en\/wp-json\/wp\/v2\/types\/page"}],"author":[{"embeddable":true,"href":"https:\/\/2koenigefilm.de\/en\/wp-json\/wp\/v2\/users\/1"}],"replies":[{"embeddable":true,"href":"https:\/\/2koenigefilm.de\/en\/wp-json\/wp\/v2\/comments?post=9"}],"version-history":[{"count":171,"href":"https:\/\/2koenigefilm.de\/en\/wp-json\/wp\/v2\/pages\/9\/revisions"}],"predecessor-version":[{"id":3024,"href":"https:\/\/2koenigefilm.de\/en\/wp-json\/wp\/v2\/pages\/9\/revisions\/3024"}],"wp:attachment":[{"href":"https:\/\/2koenigefilm.de\/en\/wp-json\/wp\/v2\/media?parent=9"}],"curies":[{"name":"wp","href":"https:\/\/api.w.org\/{rel}","templated":true}]}}